{"id":685,"date":"2018-07-25T15:06:42","date_gmt":"2018-07-25T18:06:42","guid":{"rendered":"https:\/\/ies818artistica-chu.infd.edu.ar\/sitio\/?page_id=685"},"modified":"2026-05-04T19:26:58","modified_gmt":"2026-05-04T22:26:58","slug":"autoridades","status":"publish","type":"page","link":"https:\/\/ies818artistica-chu.infd.edu.ar\/sitio\/institucional\/autoridades\/","title":{"rendered":"EQUIPOS DE TRABAJO"},"content":{"rendered":"\n<section class=\"autoridades\">\n  <div class=\"autoridades-contenido\">\n\n    <div class=\"bloque fadein\">\n      <h3>&#x1f393; EQUIPO DIRECTIVO<\/h3>\n      <p><strong>Directora:<\/strong> Lic. y Prof. Glenda Powell<\/p>\n      <p><strong>Vicedirector:<\/strong> Lic. Sebasti\u00e1n J. Pellegrini Ortega<\/p>\n      <p><strong>Secretaria Acad\u00e9mica:<\/strong> Lic. y Prof. Rosana Pintos<\/p>\n      <p><strong>Auxiliar Administrativo:<\/strong> N\u00e9stor Soto Linc\u00e1n<\/p>\n    <\/div>\n    <div class=\"bloque fadein\">\n      <h3>Coordinaciones de L\u00ednea de Trabajo<\/h3>\n      <p><strong>Coordinadora Desarrollo Profesional y Acompa\u00f1amiento Pedag\u00f3gico:<\/strong> Lic. y Prof. Romina Traino Mesa<\/p>\n      <p><strong>Coordinadora de Investigaci\u00f3n:<\/strong> &#x1f3b5;Lic y Prof. Mercedes Arceo<\/p>\n    <\/div>\n    <div class=\"bloque fadein\">\n      <h3>&#x1f3a8; Coordinaciones de Carreras<\/h3>\n      <p><strong>Profesorado de Artes Visuales:<\/strong> <\/p>\n      <p><strong>Profesorado de M\u00fasica:<\/strong> &#x1f3b5; Lic. Federico Oriola<\/p>\n      <p><strong>Formaci\u00f3n Art\u00edstica Vocacional:<\/strong> &#x1f3ad; Ms. Irene Azcano<\/p>\n      <p><strong>Profesorado de Teatro:<\/strong>Prof. Malena M\u00e1rques<\/p>\n      <p><strong>Tecnicatura Superior en Gesti\u00f3n Cultural:<\/strong>Prof. Andr\u00e9s Jorgensen<\/p>\n     \n    <\/div>\n\n    <div class=\"bloque fadein\">\n      <h3>&#x1f3db;&#xfe0f; Oficina de Estudiantes<\/h3>\n      <p><strong>Coordinadora de Pol\u00edticas Estudiantiles:<\/strong>  Prof. Patricia Segovia (suplente)<\/p>\n      <p><strong>Bedel Sede Esquel:<\/strong> Prof. Huen\u00fa Poblete<\/p>\n      <p><strong>Bedel Anexo Trevelin:<\/strong> Prof. Adriana Lucero<\/p>\n      <p><strong>C.I.D (centro de informaci\u00f3n y documentaci\u00f3n):<\/strong> Bibl. Adriana Mu\u00f1oz <\/p>\n      <p><strong>C.R.A.T (centro de recursos y apoyo tecnol\u00f3gico):<\/strong>  <\/p>\n      <p><strong>A.D.R:<\/strong> Lautaro D. Perugini <\/p>\n    <\/div>\n    <div class=\"bloque fadein\">\n      <h3>&#x1f9f9; AUXILIARES<\/h3>\n      <p>Graciela Neculqueo<\/p>\n      <p>Nilda Neculqueo<\/p>\n      <p>Sonia Ulloga<\/p>\n    <\/div>\n  <\/div>\n<\/section>\n\n<style>\n\/* === SECCI\u00d3N AUTORIDADES === *\/\n\n.autoridades {\n  font-family: 'Oswald', sans-serif;\n  background: linear-gradient(to bottom, #4C2165 0%, #000 15%, #bdbdbd 100%);\n  color: #222;\n  padding: 3rem 0;\n  width: 100%;\n  box-sizing: border-box;\n}\n\n\/* Contenido centrado *\/\n.autoridades-contenido {\n  max-width: 1100px;\n  margin: 0 auto;\n  padding: 0 2rem;\n  box-sizing: border-box;\n}\n\n\/* T\u00edtulo principal *\/\n.autoridades h2 {\n  color: white;\n  font-size: 2.6rem;\n  margin-bottom: 2rem;\n  letter-spacing: 3px;\n  border-bottom: 4px solid #fff;\n  display: inline-block;\n  text-transform: uppercase;\n  line-height: 1.1;\n}\n\n\/* Bloques *\/\n.bloque {\n  background: #e6e6e6;\n  margin-top: 2rem;\n  padding: 1.8rem;\n  border-radius: 12px;\n  box-shadow: 0 3px 8px rgba(0,0,0,0.18);\n  transition: transform 0.3s ease, box-shadow 0.3s ease;\n  opacity: 0;\n  transform: translateY(30px);\n}\n\n\/* Hover *\/\n.bloque:hover {\n  transform: translateY(-3px);\n  box-shadow: 0 8px 16px rgba(0,0,0,0.25);\n}\n\n\/* Encabezados *\/\n.bloque h3 {\n  background: #222;\n  color: #fff;\n  display: inline-flex;\n  align-items: center;\n  gap: 0.6rem;\n  padding: 0.6rem 1.2rem;\n  border-radius: 8px;\n  margin-bottom: 1rem;\n  font-size: 1.3rem;\n  text-transform: uppercase;\n  letter-spacing: 1px;\n}\n\n\/* Texto *\/\n.bloque p {\n  font-family: 'Open Sans', sans-serif;\n  font-size: 1rem;\n  color: #111;\n  margin: 0.5rem 0;\n  line-height: 1.5;\n}\n\n.bloque p strong {\n  font-weight: 700;\n  color: #000;\n}\n\n\/* Fade-in animation *\/\n.fadein.show {\n  opacity: 1;\n  transform: translateY(0);\n  transition: opacity 1s ease, transform 1s ease;\n}\n\n\/* Responsive *\/\n@media (max-width: 900px) {\n  .autoridades h2 {\n    font-size: 2rem;\n  }\n  .bloque h3 {\n    font-size: 1.1rem;\n  }\n  .bloque p {\n    font-size: 0.95rem;\n  }\n}\n\n@media (max-width: 600px) {\n  .autoridades {\n    padding: 2rem 0;\n  }\n  .autoridades-contenido {\n    padding: 0 1rem;\n  }\n  .autoridades h2 {\n    font-size: 1.7rem;\n  }\n  .bloque {\n    padding: 1.2rem;\n  }\n}\n<\/style>\n\n<script>\n\/\/ Efecto Fade-In al hacer scroll\ndocument.addEventListener(\"DOMContentLoaded\", function() {\n  const elements = document.querySelectorAll(\".fadein\");\n\n  function checkFadeIn() {\n    const triggerBottom = window.innerHeight * 0.9;\n\n    elements.forEach(el => {\n      const rect = el.getBoundingClientRect();\n      if (rect.top < triggerBottom) {\n        el.classList.add(\"show\");\n      }\n    });\n  }\n\n  window.addEventListener(\"scroll\", checkFadeIn);\n  checkFadeIn();\n});\n<\/script>\n\n<link href=\"https:\/\/fonts.googleapis.com\/css2?family=Oswald:wght@400;600&#038;family=Open+Sans&#038;display=swap\" rel=\"stylesheet\">\n\n\n\n<div style=\"height:28px\" aria-hidden=\"true\" class=\"wp-block-spacer\"><\/div>\n\n\n\n<figure class=\"wp-block-gallery alignwide has-nested-images columns-4 is-cropped wp-block-gallery-1 is-layout-flex\">\n<figure class=\"wp-block-image size-full\"><a href=\"https:\/\/ies818artistica-chu.infd.edu.ar\/sitio\/profesorado-de-artes-visuales\/\"><img decoding=\"async\" loading=\"lazy\" width=\"592\" height=\"548\" data-id=\"2595\"  src=\"https:\/\/ies818artistica-chu.infd.edu.ar\/sitio\/wp-content\/uploads\/2025\/10\/banner_artesvisuales-1.png\" alt=\"\" class=\"wp-image-2595\"\/><\/a><\/figure>\n\n\n\n<figure class=\"wp-block-image size-full\"><img decoding=\"async\" loading=\"lazy\" width=\"596\" height=\"547\" data-id=\"2567\"  src=\"https:\/\/ies818artistica-chu.infd.edu.ar\/sitio\/wp-content\/uploads\/2025\/10\/banner_gc.png\" alt=\"\" class=\"wp-image-2567\"\/><\/figure>\n\n\n\n<figure class=\"wp-block-image size-full\"><a href=\"https:\/\/ies818artistica-chu.infd.edu.ar\/sitio\/profesorado-teatro\/\"><img decoding=\"async\" loading=\"lazy\" width=\"397\" height=\"348\" data-id=\"2549\"  src=\"https:\/\/ies818artistica-chu.infd.edu.ar\/sitio\/wp-content\/uploads\/2025\/10\/banner_teatro.png\" alt=\"\" class=\"wp-image-2549\"\/><\/a><\/figure>\n\n\n\n<figure class=\"wp-block-image size-full\"><a href=\"https:\/\/ies818artistica-chu.infd.edu.ar\/sitio\/profesorado-musica\/\"><img decoding=\"async\" loading=\"lazy\" width=\"397\" height=\"355\" data-id=\"2548\"  src=\"https:\/\/ies818artistica-chu.infd.edu.ar\/sitio\/wp-content\/uploads\/2025\/10\/banner_musica.png\" alt=\"\" class=\"wp-image-2548\"\/><\/a><\/figure>\n<\/figure>\n","protected":false},"excerpt":{"rendered":"<p>&#x1f393; EQUIPO DIRECTIVO Directora: Lic. y Prof. Glenda Powell Vicedirector: Lic. Sebasti\u00e1n J. Pellegrini Ortega Secretaria Acad\u00e9mica: Lic. y Prof. Rosana Pintos Auxiliar Administrativo: N\u00e9stor Soto Linc\u00e1n Coordinaciones de L\u00ednea de Trabajo Coordinadora Desarrollo Profesional y Acompa\u00f1amiento Pedag\u00f3gico: Lic. y Prof. Romina Traino Mesa Coordinadora de Investigaci\u00f3n: &#x1f3b5;Lic y Prof. Mercedes Arceo &#x1f3a8; Coordinaciones de &#8230; <a title=\"EQUIPOS DE TRABAJO\" class=\"read-more\" href=\"https:\/\/ies818artistica-chu.infd.edu.ar\/sitio\/institucional\/autoridades\/\" aria-label=\"More on EQUIPOS DE TRABAJO\">[+]<\/a><\/p>\n","protected":false},"author":1253,"featured_media":0,"parent":683,"menu_order":0,"comment_status":"closed","ping_status":"closed","template":"","meta":[],"acf":[],"_links":{"self":[{"href":"https:\/\/ies818artistica-chu.infd.edu.ar\/sitio\/wp-json\/wp\/v2\/pages\/685"}],"collection":[{"href":"https:\/\/ies818artistica-chu.infd.edu.ar\/sitio\/wp-json\/wp\/v2\/pages"}],"about":[{"href":"https:\/\/ies818artistica-chu.infd.edu.ar\/sitio\/wp-json\/wp\/v2\/types\/page"}],"author":[{"embeddable":true,"href":"https:\/\/ies818artistica-chu.infd.edu.ar\/sitio\/wp-json\/wp\/v2\/users\/1253"}],"replies":[{"embeddable":true,"href":"https:\/\/ies818artistica-chu.infd.edu.ar\/sitio\/wp-json\/wp\/v2\/comments?post=685"}],"version-history":[{"count":91,"href":"https:\/\/ies818artistica-chu.infd.edu.ar\/sitio\/wp-json\/wp\/v2\/pages\/685\/revisions"}],"predecessor-version":[{"id":2814,"href":"https:\/\/ies818artistica-chu.infd.edu.ar\/sitio\/wp-json\/wp\/v2\/pages\/685\/revisions\/2814"}],"up":[{"embeddable":true,"href":"https:\/\/ies818artistica-chu.infd.edu.ar\/sitio\/wp-json\/wp\/v2\/pages\/683"}],"wp:attachment":[{"href":"https:\/\/ies818artistica-chu.infd.edu.ar\/sitio\/wp-json\/wp\/v2\/media?parent=685"}],"curies":[{"name":"wp","href":"https:\/\/api.w.org\/{rel}","templated":true}]}}