{"id":2165,"date":"2023-05-15T21:01:04","date_gmt":"2023-05-16T00:01:04","guid":{"rendered":"https:\/\/ies818artistica-chu.infd.edu.ar\/sitio\/?page_id=2165"},"modified":"2023-05-22T20:46:13","modified_gmt":"2023-05-22T23:46:13","slug":"bibliotecas-digitales","status":"publish","type":"page","link":"https:\/\/ies818artistica-chu.infd.edu.ar\/sitio\/bibliotecas-digitales\/","title":{"rendered":"BIBLIOTECAS DIGITALES"},"content":{"rendered":"\n<div class=\"wp-block-cover alignfull has-custom-content-position is-position-center-left has-small-font-size\" style=\"min-height:100vh\"><span aria-hidden=\"true\" class=\"wp-block-cover__background has-contrast-background-color has-background-dim-100 has-background-dim\"><\/span><div class=\"wp-block-cover__inner-container\">\n<div class=\"wp-block-media-text is-stacked-on-mobile\" style=\"grid-template-columns:22% auto\"><figure class=\"wp-block-media-text__media\"><img decoding=\"async\" loading=\"lazy\" width=\"800\" height=\"400\" src=\"https:\/\/ies818artistica-chu.infd.edu.ar\/sitio\/wp-content\/uploads\/2023\/05\/BNM.png\" alt=\"\" class=\"wp-image-2167 size-full\" srcset=\"https:\/\/ies818artistica-chu.infd.edu.ar\/sitio\/wp-content\/uploads\/2023\/05\/BNM.png 800w, https:\/\/ies818artistica-chu.infd.edu.ar\/sitio\/wp-content\/uploads\/2023\/05\/BNM-768x384.png 768w\" sizes=\"(max-width: 800px) 100vw, 800px\" \/><\/figure><div class=\"wp-block-media-text__content\">\n<p class=\"has-text-align-center\">La BNM es una biblioteca p\u00fablica con 220.000 recursos que incluyen libros, revistas, videos, documentos e im\u00e1genes, disponibles para la consulta. Se destaca una amplia colecci\u00f3n de ciencias de la educaci\u00f3n y pedagog\u00eda, una biblioteca infantil con 5.000 libros y una biblioteca digital con 40.000 recursos en l\u00ednea.<\/p>\n\n\n\n<div class=\"wp-block-buttons is-layout-flex\">\n<div class=\"wp-block-button aligncenter\"><a class=\"wp-block-button__link wp-element-button\" href=\"http:\/\/www.bnm.me.gov.ar\/catalogos\/\" target=\"_blank\" rel=\"noreferrer noopener\">CAT\u00c1LOGO Y BIBLIOTECA DIGITAL<\/a><\/div>\n<\/div>\n<\/div><\/div>\n\n\n\n<div class=\"wp-block-media-text is-stacked-on-mobile\" style=\"grid-template-columns:22% auto\"><figure class=\"wp-block-media-text__media\"><img decoding=\"async\" loading=\"lazy\" width=\"800\" height=\"400\" src=\"https:\/\/ies818artistica-chu.infd.edu.ar\/sitio\/wp-content\/uploads\/2023\/05\/CONECTAR.png\" alt=\"\" class=\"wp-image-2210 size-full\" srcset=\"https:\/\/ies818artistica-chu.infd.edu.ar\/sitio\/wp-content\/uploads\/2023\/05\/CONECTAR.png 800w, https:\/\/ies818artistica-chu.infd.edu.ar\/sitio\/wp-content\/uploads\/2023\/05\/CONECTAR-768x384.png 768w\" sizes=\"(max-width: 800px) 100vw, 800px\" \/><\/figure><div class=\"wp-block-media-text__content\">\n<p>La biblioteca digital de Conectar igualdad ofrece una amplia gama de literatura en formato digital, desde libros de cuentos para ni\u00f1as, ni\u00f1os y ni\u00f1es de Nivel Inicial y Primaria; para adolescentes de secundaria, obras de Literatura Juvenil y de la Literatura Cl\u00e1sica Nacional y Universal. <\/p>\n\n\n\n<div class=\"wp-block-buttons alignwide is-layout-flex\">\n<div class=\"wp-block-button aligncenter\"><a class=\"wp-block-button__link wp-element-button\" href=\"https:\/\/biblioteca.conectarigualdad.edu.ar\/\" target=\"_blank\" rel=\"noreferrer noopener\">ACCESO A LA BIBLIOTECA<\/a><\/div>\n<\/div>\n<\/div><\/div>\n\n\n\n<div class=\"wp-block-media-text is-stacked-on-mobile\" style=\"grid-template-columns:22% auto\"><figure class=\"wp-block-media-text__media\"><img decoding=\"async\" loading=\"lazy\" width=\"800\" height=\"400\" src=\"https:\/\/ies818artistica-chu.infd.edu.ar\/sitio\/wp-content\/uploads\/2023\/05\/DEVENIR-DOCENTE.png\" alt=\"\" class=\"wp-image-2215 size-full\" srcset=\"https:\/\/ies818artistica-chu.infd.edu.ar\/sitio\/wp-content\/uploads\/2023\/05\/DEVENIR-DOCENTE.png 800w, https:\/\/ies818artistica-chu.infd.edu.ar\/sitio\/wp-content\/uploads\/2023\/05\/DEVENIR-DOCENTE-768x384.png 768w\" sizes=\"(max-width: 800px) 100vw, 800px\" \/><\/figure><div class=\"wp-block-media-text__content\">\n<p>Biblioteca de acceso y descarga libre, concebida desde el INFoD para que los y las docentes de niveles obligatorios y de Institutos de Formaci\u00f3n Docente puedan dialogar con las y los autores sobre los temas fundamentales del campo educativo. <\/p>\n\n\n\n<div class=\"wp-block-buttons alignwide is-layout-flex\">\n<div class=\"wp-block-button aligncenter\"><a class=\"wp-block-button__link wp-element-button\" href=\"https:\/\/cedoc.infd.edu.ar\/biblioteca-devenir-docente\/\" target=\"_blank\" rel=\"noreferrer noopener\">ACCESO A LA BIBLIOTECA<\/a><\/div>\n<\/div>\n<\/div><\/div>\n\n\n\n<div class=\"wp-block-media-text is-stacked-on-mobile\" style=\"grid-template-columns:22% auto\"><figure class=\"wp-block-media-text__media\"><img decoding=\"async\" loading=\"lazy\" width=\"800\" height=\"400\" src=\"https:\/\/ies818artistica-chu.infd.edu.ar\/sitio\/wp-content\/uploads\/2023\/05\/CLACSO.png\" alt=\"\" class=\"wp-image-2219 size-full\" srcset=\"https:\/\/ies818artistica-chu.infd.edu.ar\/sitio\/wp-content\/uploads\/2023\/05\/CLACSO.png 800w, https:\/\/ies818artistica-chu.infd.edu.ar\/sitio\/wp-content\/uploads\/2023\/05\/CLACSO-768x384.png 768w\" sizes=\"(max-width: 800px) 100vw, 800px\" \/><\/figure><div class=\"wp-block-media-text__content\">\n<p>El Repositorio Digital de CLACSO es una iniciativa colaborativa que difunde la producci\u00f3n de la red de centros asociados y de su propio programa. Contiene abundante material de Educaci\u00f3n, G\u00e9nero, Cultura, Atropolog\u00eda, etc. <\/p>\n\n\n\n<div class=\"wp-block-buttons is-layout-flex wp-container-4\">\n<div class=\"wp-block-button alignleft\"><a class=\"wp-block-button__link wp-element-button\" href=\"https:\/\/biblioteca-repositorio.clacso.edu.ar\/\" target=\"_blank\" rel=\"noreferrer noopener\">Repositorio CLACSO<\/a><\/div>\n\n\n\n<div class=\"wp-block-button aligncenter\"><a class=\"wp-block-button__link wp-element-button\" href=\"http:\/\/biblioteca.clacso.edu.ar\/\" target=\"_blank\" rel=\"noreferrer noopener\">BIBLIOTECA CLACSO<\/a><\/div>\n<\/div>\n<\/div><\/div>\n\n\n\n<div class=\"wp-block-media-text is-stacked-on-mobile\" style=\"grid-template-columns:22% auto\"><figure class=\"wp-block-media-text__media\"><img decoding=\"async\" loading=\"lazy\" width=\"800\" height=\"400\" src=\"https:\/\/ies818artistica-chu.infd.edu.ar\/sitio\/wp-content\/uploads\/2023\/05\/UNLP.png\" alt=\"\" class=\"wp-image-2200 size-full\" srcset=\"https:\/\/ies818artistica-chu.infd.edu.ar\/sitio\/wp-content\/uploads\/2023\/05\/UNLP.png 800w, https:\/\/ies818artistica-chu.infd.edu.ar\/sitio\/wp-content\/uploads\/2023\/05\/UNLP-768x384.png 768w\" sizes=\"(max-width: 800px) 100vw, 800px\" \/><\/figure><div class=\"wp-block-media-text__content\">\n<p class=\"has-text-align-center\">Con el prop\u00f3sito de difundir y dar acceso libre y gratuito a sus publicaciones acad\u00e9micas y cient\u00edficas, en el portal de la Biblioteca de la Universidad Nacional de La Plata se pueden encontrar&nbsp;<strong>obras de distintos autores<\/strong>,&nbsp;<strong>compilaciones de congresos<\/strong>,&nbsp;<strong>libros de divulgaci\u00f3n cient\u00edfica<\/strong>, adem\u00e1s de la colecci\u00f3n completa de&nbsp;<strong>Libros de C\u00e1tedra de la UNLP<\/strong>, todos ellos disponibles para descargar en formato&nbsp;<strong>PDF<\/strong>.<\/p>\n\n\n\n<div class=\"wp-block-buttons alignwide is-layout-flex\">\n<div class=\"wp-block-button aligncenter\"><a class=\"wp-block-button__link wp-element-button\" href=\"https:\/\/libros.unlp.edu.ar\/index.php\/unlp\/catalog\/category\" target=\"_blank\" rel=\"noreferrer noopener\">ACCESO AL CAT\u00c1LOGO<\/a><\/div>\n<\/div>\n<\/div><\/div>\n\n\n\n<div class=\"wp-block-media-text is-stacked-on-mobile\" style=\"grid-template-columns:22% auto\"><figure class=\"wp-block-media-text__media\"><img decoding=\"async\" loading=\"lazy\" width=\"800\" height=\"400\" src=\"https:\/\/ies818artistica-chu.infd.edu.ar\/sitio\/wp-content\/uploads\/2023\/05\/Teatro-por-la-identidad.png\" alt=\"\" class=\"wp-image-2213 size-full\" srcset=\"https:\/\/ies818artistica-chu.infd.edu.ar\/sitio\/wp-content\/uploads\/2023\/05\/Teatro-por-la-identidad.png 800w, https:\/\/ies818artistica-chu.infd.edu.ar\/sitio\/wp-content\/uploads\/2023\/05\/Teatro-por-la-identidad-768x384.png 768w\" sizes=\"(max-width: 800px) 100vw, 800px\" \/><\/figure><div class=\"wp-block-media-text__content\">\n<p>La Biblioteca  ofrece los textos de todos los espect\u00e1culos y mon\u00f3logos de teatroxlaidentidad, navegando tambi\u00e9n se puede llegar a un repositorio de audios, podcast, im\u00e1genes y dem\u00e1s contenido multimedia.<\/p>\n\n\n\n<div class=\"wp-block-buttons alignwide is-layout-flex\">\n<div class=\"wp-block-button aligncenter\"><a class=\"wp-block-button__link wp-element-button\" href=\"https:\/\/www.teatroxlaidentidad.net\/bibliotecavirtual\" target=\"_blank\" rel=\"noreferrer noopener\">ACCESO DE LA BIBLIOTECA<\/a><\/div>\n<\/div>\n<\/div><\/div>\n\n\n\n<div class=\"wp-block-media-text is-stacked-on-mobile\" style=\"grid-template-columns:22% auto\"><figure class=\"wp-block-media-text__media\"><img decoding=\"async\" loading=\"lazy\" width=\"800\" height=\"400\" src=\"https:\/\/ies818artistica-chu.infd.edu.ar\/sitio\/wp-content\/uploads\/2023\/05\/Sin-titulo-1.png\" alt=\"\" class=\"wp-image-2172 size-full\" srcset=\"https:\/\/ies818artistica-chu.infd.edu.ar\/sitio\/wp-content\/uploads\/2023\/05\/Sin-titulo-1.png 800w, https:\/\/ies818artistica-chu.infd.edu.ar\/sitio\/wp-content\/uploads\/2023\/05\/Sin-titulo-1-768x384.png 768w\" sizes=\"(max-width: 800px) 100vw, 800px\" \/><\/figure><div class=\"wp-block-media-text__content\">\n<p>La <strong>Biblioteca Virtual Miguel de Cervantes<\/strong> ofrece un portal de referencia, en que se recogen y difunden materiales de gran valor para un mayor y m\u00e1s profundo conocimiento de la&nbsp;<strong>cultura argentina<\/strong>, que nos acercan a&nbsp;autores,&nbsp;obras&nbsp;y hechos fundamentales en el contexto argentino desde el punto de vista hist\u00f3rico y literario<\/p>\n\n\n\n<div class=\"wp-block-buttons alignwide is-layout-flex\">\n<div class=\"wp-block-button aligncenter\"><a class=\"wp-block-button__link wp-element-button\" href=\"https:\/\/www.cervantesvirtual.com\/portales\/biblioteca_nacional_argentina\/\" target=\"_blank\" rel=\"noreferrer noopener\">CAT\u00c1LOGO Y BIBLIOTECA DIGITAL<\/a><\/div>\n<\/div>\n<\/div><\/div>\n\n\n\n<div class=\"wp-block-media-text is-stacked-on-mobile\" style=\"grid-template-columns:22% auto\"><figure class=\"wp-block-media-text__media\"><img decoding=\"async\" loading=\"lazy\" width=\"800\" height=\"400\" src=\"https:\/\/ies818artistica-chu.infd.edu.ar\/sitio\/wp-content\/uploads\/2023\/05\/Biblioteca-DDHH.png\" alt=\"\" class=\"wp-image-2207 size-full\" srcset=\"https:\/\/ies818artistica-chu.infd.edu.ar\/sitio\/wp-content\/uploads\/2023\/05\/Biblioteca-DDHH.png 800w, https:\/\/ies818artistica-chu.infd.edu.ar\/sitio\/wp-content\/uploads\/2023\/05\/Biblioteca-DDHH-768x384.png 768w\" sizes=\"(max-width: 800px) 100vw, 800px\" \/><\/figure><div class=\"wp-block-media-text__content\">\n<h2 class=\"has-small-font-size wp-block-heading\" style=\"font-style:normal;font-weight:500\">La Biblioteca Digital del Ministerio de Justicia y Derechos Humanos de la Naci\u00f3n <strong>ofrece<\/strong> una gran variedad de revistas y libros en formato digital dedicados al derecho. Se destacan colecciones para el tratamiento de las Leyes de Mujeres, G\u00e9nero y diversidad, migrantes, discapacidad con cuadernillos de lectura f\u00e1cil.<\/h2>\n\n\n\n<div class=\"wp-block-buttons alignwide is-layout-flex\">\n<div class=\"wp-block-button aligncenter\"><a class=\"wp-block-button__link wp-element-button\" href=\"http:\/\/www.bibliotecadigital.gob.ar\/\" target=\"_blank\" rel=\"noreferrer noopener\">ACCESO AL CAT\u00c1LOGO <\/a><\/div>\n<\/div>\n<\/div><\/div>\n\n\n\n<div class=\"wp-block-media-text is-stacked-on-mobile\" style=\"grid-template-columns:22% auto\"><figure class=\"wp-block-media-text__media\"><img decoding=\"async\" loading=\"lazy\" width=\"800\" height=\"400\" src=\"https:\/\/ies818artistica-chu.infd.edu.ar\/sitio\/wp-content\/uploads\/2023\/05\/BIBLIOTECA-ESPANOLA.png\" alt=\"\" class=\"wp-image-2214 size-full\" srcset=\"https:\/\/ies818artistica-chu.infd.edu.ar\/sitio\/wp-content\/uploads\/2023\/05\/BIBLIOTECA-ESPANOLA.png 800w, https:\/\/ies818artistica-chu.infd.edu.ar\/sitio\/wp-content\/uploads\/2023\/05\/BIBLIOTECA-ESPANOLA-768x384.png 768w\" sizes=\"(max-width: 800px) 100vw, 800px\" \/><\/figure><div class=\"wp-block-media-text__content\">\n<p>La Biblioteca Digital Hisp\u00e1nica es la biblioteca digital de la Biblioteca Nacional de Espa\u00f1a. Proporciona acceso libre y gratuito a miles de documentos digitalizados, entre los que se cuentan libros impresos entre los siglos XV y XIX, manuscritos, dibujos, grabados, folletos, carteles, fotograf\u00edas, mapas, atlas, partituras, prensa hist\u00f3rica y grabaciones sonoras<\/p>\n\n\n\n<div class=\"wp-block-buttons alignwide is-layout-flex\">\n<div class=\"wp-block-button aligncenter\"><a class=\"wp-block-button__link wp-element-button\" href=\"http:\/\/bdh.bne.es\/bnesearch\/Inicio.do?languageView=es\" target=\"_blank\" rel=\"noreferrer noopener\">ACCESO A LA BIBLIOTECA <\/a><\/div>\n<\/div>\n<\/div><\/div>\n<\/div><\/div>\n","protected":false},"excerpt":{"rendered":"","protected":false},"author":13,"featured_media":0,"parent":0,"menu_order":0,"comment_status":"closed","ping_status":"closed","template":"","meta":[],"acf":[],"_links":{"self":[{"href":"https:\/\/ies818artistica-chu.infd.edu.ar\/sitio\/wp-json\/wp\/v2\/pages\/2165"}],"collection":[{"href":"https:\/\/ies818artistica-chu.infd.edu.ar\/sitio\/wp-json\/wp\/v2\/pages"}],"about":[{"href":"https:\/\/ies818artistica-chu.infd.edu.ar\/sitio\/wp-json\/wp\/v2\/types\/page"}],"author":[{"embeddable":true,"href":"https:\/\/ies818artistica-chu.infd.edu.ar\/sitio\/wp-json\/wp\/v2\/users\/13"}],"replies":[{"embeddable":true,"href":"https:\/\/ies818artistica-chu.infd.edu.ar\/sitio\/wp-json\/wp\/v2\/comments?post=2165"}],"version-history":[{"count":25,"href":"https:\/\/ies818artistica-chu.infd.edu.ar\/sitio\/wp-json\/wp\/v2\/pages\/2165\/revisions"}],"predecessor-version":[{"id":2237,"href":"https:\/\/ies818artistica-chu.infd.edu.ar\/sitio\/wp-json\/wp\/v2\/pages\/2165\/revisions\/2237"}],"wp:attachment":[{"href":"https:\/\/ies818artistica-chu.infd.edu.ar\/sitio\/wp-json\/wp\/v2\/media?parent=2165"}],"curies":[{"name":"wp","href":"https:\/\/api.w.org\/{rel}","templated":true}]}}