{"id":1941,"date":"2023-04-04T16:17:56","date_gmt":"2023-04-04T19:17:56","guid":{"rendered":"https:\/\/ies818artistica-chu.infd.edu.ar\/sitio\/?page_id=1941"},"modified":"2026-05-04T21:19:11","modified_gmt":"2026-05-05T00:19:11","slug":"horarios-cursada-t","status":"publish","type":"page","link":"https:\/\/ies818artistica-chu.infd.edu.ar\/sitio\/horarios-cursada-t\/","title":{"rendered":"HORARIOS CURSADA T"},"content":{"rendered":"\n<!-- ============================================================\n     IES N\u00b0818 \u2014 Horarios Profesorado de Teatro\n     1\u00b0 Cuatrimestre 2026 \u00b7 Res. ME 566\/17\n     ============================================================ -->\n\n<section class=\"ies818-horarios\">\n\n  <div class=\"hor-header\">\n    <h2>PROFESORADO DE TEATRO<\/h2>\n    <p class=\"hor-subtitulo\">1\u00b0 Cuatrimestre 2026 \u00b7 Res. ME 566\/17<\/p>\n  <\/div>\n\n  <div class=\"hor-tabs\">\n    <button class=\"hor-tab active\" onclick=\"horShowTab('anio3', this)\">3\u00b0 A\u00f1o<\/button>\n    <button class=\"hor-tab\" onclick=\"horShowTab('anio4', this)\">4\u00b0 A\u00f1o<\/button>\n  <\/div>\n\n  <!-- ===================== 3\u00b0 A\u00d1O ===================== -->\n  <!--\n    C4:C6  Lunes    18:00\u201320:00  rowspan=3  T\u00e9cnica Vocal y Canto\n    C7:C9  Lunes    20:10\u201322:10  rowspan=3  Actuaci\u00f3n III\n    D4:D6  Martes   18:00\u201320:00  rowspan=3  Filosof\u00eda de la Educaci\u00f3n\n    D7:D9  Martes   20:10\u201322:10  rowspan=3  Sujetos del Aprendizaje II\n    E4:E6  Mi\u00e9rc.   18:00\u201320:00  rowspan=3  Actuaci\u00f3n III\n    E7:E9  Mi\u00e9rc.   20:10\u201322:10  rowspan=3  Pr\u00e1ctica Prof. Docente III\n    F4:F5  Jueves   18:00\u201319:20  rowspan=2  Semi\u00f3tica del Teatro\n    F6:F8  Jueves   19:30\u201321:30  rowspan=3  Escenograf\u00eda\n    G4:G6  Viernes  18:00\u201320:00  rowspan=3  Investigaci\u00f3n Educativa\n    G7:G9  Viernes  20:10\u201322:10  rowspan=3  Did\u00e1ctica del Teatro II\n  -->\n  <div id=\"hor-anio3\" class=\"hor-panel active\">\n    <div class=\"hor-resolucion\">Res. ME 566\/17<\/div>\n    <div class=\"hor-tabla-wrap\">\n      <table class=\"hor-tabla\">\n        <thead>\n          <tr>\n            <th class=\"hor-th-hora\">Hora<\/th>\n            <th>Lunes<\/th>\n            <th>Martes<\/th>\n            <th>Mi\u00e9rcoles<\/th>\n            <th>Jueves<\/th>\n            <th>Viernes<\/th>\n          <\/tr>\n        <\/thead>\n        <tbody>\n          <!-- fila B4: 18:00 -->\n          <tr>\n            <td class=\"hor-hora\">18:00<br>a<br>18:40<\/td>\n            <td class=\"hor-materia\" rowspan=\"3\">\n              <span class=\"hor-nombre\">T\u00c9CNICA VOCAL Y CANTO<\/span>\n              <span class=\"hor-docente\">Malena De Vita<\/span>\n            <\/td>\n            <td class=\"hor-materia\" rowspan=\"3\">\n              <span class=\"hor-nombre\">FILOSOF\u00cdA DE LA EDUCACI\u00d3N<\/span>\n              <span class=\"hor-docente\">Sebasti\u00e1n Cortinez<\/span>\n            <\/td>\n            <td class=\"hor-materia\" rowspan=\"3\">\n              <span class=\"hor-nombre\">ACTUACI\u00d3N III<\/span>\n              <span class=\"hor-docente\">Malena Marques<\/span>\n            <\/td>\n            <td class=\"hor-materia\" rowspan=\"2\">\n              <span class=\"hor-nombre\">SEMI\u00d3TICA DEL TEATRO<\/span>\n              <span class=\"hor-docente\">Jairo Bedoya<\/span>\n            <\/td>\n            <td class=\"hor-materia\" rowspan=\"3\">\n              <span class=\"hor-nombre\">INVESTIGACI\u00d3N EDUCATIVA<\/span>\n              <span class=\"hor-docente\">Juana Quintuqueo<\/span>\n            <\/td>\n          <\/tr>\n          <!-- fila B5: 18:40 -->\n          <tr>\n            <td class=\"hor-hora\">18:40<br>a<br>19:20<\/td>\n            <!-- Lunes cubre rowspan=3 -->\n            <!-- Martes cubre rowspan=3 -->\n            <!-- Mi\u00e9rc. cubre rowspan=3 -->\n            <!-- Jueves cubre rowspan=2 -->\n            <!-- Viernes cubre rowspan=3 -->\n          <\/tr>\n          <!-- fila B6: 19:30 -->\n          <tr>\n            <td class=\"hor-hora\">19:30<br>a<br>20:00<\/td>\n            <!-- Lunes cubre rowspan=3 -->\n            <!-- Martes cubre rowspan=3 -->\n            <!-- Mi\u00e9rc. cubre rowspan=3 -->\n            <td class=\"hor-materia\" rowspan=\"3\">\n              <span class=\"hor-nombre\">ESCENOGRAF\u00cdA<\/span>\n              <span class=\"hor-docente\">Natalia Maggiori<\/span>\n            <\/td>\n            <!-- Viernes cubre rowspan=3 -->\n          <\/tr>\n          <!-- fila B7: 20:10 -->\n          <tr>\n            <td class=\"hor-hora\">20:10<br>a<br>20:50<\/td>\n            <td class=\"hor-materia\" rowspan=\"3\">\n              <span class=\"hor-nombre\">ACTUACI\u00d3N III<\/span>\n              <span class=\"hor-docente\">Malena Marques<\/span>\n            <\/td>\n            <td class=\"hor-materia\" rowspan=\"3\">\n              <span class=\"hor-nombre\">SUJETOS DEL APRENDIZAJE II<\/span>\n              <span class=\"hor-docente\">Marisol Birozzi<\/span>\n            <\/td>\n            <td class=\"hor-materia\" rowspan=\"3\">\n              <span class=\"hor-nombre\">PR\u00c1CTICA PROFESIONAL DOCENTE III<\/span>\n              <span class=\"hor-docente\">C. De Oro \u00b7 G. Toneguzzo \u00b7 M. J. Galarreta<\/span>\n            <\/td>\n            <!-- Jueves cubre rowspan=3 -->\n            <td class=\"hor-materia\" rowspan=\"3\">\n              <span class=\"hor-nombre\">DID\u00c1CTICA DEL TEATRO II<\/span>\n              <span class=\"hor-docente\">P. Schaikis \u00b7 L. Reyes<\/span>\n            <\/td>\n          <\/tr>\n          <!-- fila B8: 20:50 -->\n          <tr>\n            <td class=\"hor-hora\">20:50<br>a<br>21:30<\/td>\n            <!-- Lunes cubre rowspan=3 -->\n            <!-- Martes cubre rowspan=3 -->\n            <!-- Mi\u00e9rc. cubre rowspan=3 -->\n            <!-- Jueves cubre rowspan=3 -->\n            <!-- Viernes cubre rowspan=3 -->\n          <\/tr>\n          <!-- fila B9: 21:30 -->\n          <tr>\n            <td class=\"hor-hora\">21:30<br>a<br>22:10<\/td>\n            <!-- todo cubierto por rowspans -->\n          <\/tr>\n        <\/tbody>\n      <\/table>\n    <\/div>\n  <\/div>\n\n  <!-- ===================== 4\u00b0 A\u00d1O ===================== -->\n  <!--\n    C4:C8  Lunes    18:00\u201321:30  rowspan=5  Pr\u00e1ctica Esc\u00e9nica Integrada\n    D4:D6  Martes   18:00\u201320:00  rowspan=3  Direcci\u00f3n y Puesta en Escena\n    D7:D9  Martes   20:10\u201322:10  rowspan=3  Pr\u00e1ctica Prof. Docente IV\n    E4:E6  Mi\u00e9rc.   18:00\u201320:00  rowspan=3  Lenguajes Art\u00edsticos Integrados\n    E7:E9  Mi\u00e9rc.   20:10\u201322:10  rowspan=3  Dramaturgia\n    F5:F6  Jueves   18:40\u201320:00  rowspan=2  Est\u00e9tica  (F4 vac\u00edo)\n    F7:F9  Jueves   20:10\u201322:10  rowspan=3  G\u00e9nero y Cultura\n    G4:G7  Viernes  18:00\u201320:50  rowspan=4  Recursos, Mat. y Soportes para la Escena\n    G8:G9  Viernes  20:50\u201322:10  rowspan=2  vac\u00edo\n  -->\n  <div id=\"hor-anio4\" class=\"hor-panel\">\n    <div class=\"hor-resolucion\">Res. ME 566\/17<\/div>\n    <div class=\"hor-tabla-wrap\">\n      <table class=\"hor-tabla\">\n        <thead>\n          <tr>\n            <th class=\"hor-th-hora\">Hora<\/th>\n            <th>Lunes<\/th>\n            <th>Martes<\/th>\n            <th>Mi\u00e9rcoles<\/th>\n            <th>Jueves<\/th>\n            <th>Viernes<\/th>\n          <\/tr>\n        <\/thead>\n        <tbody>\n          <!-- fila B4: 18:00 -->\n          <tr>\n            <td class=\"hor-hora\">18:00<br>a<br>18:40<\/td>\n            <td class=\"hor-materia\" rowspan=\"5\" style=\"vertical-align:middle; text-align:center;\">\n              <span class=\"hor-nombre\">PR\u00c1CTICA ESC\u00c9NICA INTEGRADA<\/span>\n              <span class=\"hor-docente\">Jairo Bedoya<\/span>\n            <\/td>\n            <td class=\"hor-materia\" rowspan=\"3\">\n              <span class=\"hor-nombre\">DIRECCI\u00d3N Y PUESTA EN ESCENA<\/span>\n              <span class=\"hor-docente\">Jairo Bedoya<\/span>\n            <\/td>\n            <td class=\"hor-materia\" rowspan=\"3\">\n              <span class=\"hor-nombre\">LENGUAJES ART\u00cdSTICOS INTEGRADOS<\/span>\n              <span class=\"hor-docente\">G. Ghiano \u00b7 J. Hernandez \u00b7 D. Moliterno \u00b7 R. Aminahuel<\/span>\n            <\/td>\n            <td class=\"hor-vacio\">\u2014<\/td>\n            <td class=\"hor-materia\" rowspan=\"4\" style=\"vertical-align:middle; text-align:center;\">\n              <span class=\"hor-nombre\">RECURSOS, MATERIALES Y SOPORTES PARA LA ESCENA<\/span>\n              <span class=\"hor-docente\">Jos\u00e9 Bava<\/span>\n            <\/td>\n          <\/tr>\n          <!-- fila B5: 18:40 -->\n          <tr>\n            <td class=\"hor-hora\">18:40<br>a<br>19:20<\/td>\n            <!-- Lunes cubre rowspan=5 -->\n            <!-- Martes cubre rowspan=3 -->\n            <!-- Mi\u00e9rc. cubre rowspan=3 -->\n            <td class=\"hor-materia\" rowspan=\"2\">\n              <span class=\"hor-nombre\">EST\u00c9TICA<\/span>\n              <span class=\"hor-docente\">Mat\u00edas Catania<\/span>\n            <\/td>\n            <!-- Viernes cubre rowspan=4 -->\n          <\/tr>\n          <!-- fila B6: 19:30 -->\n          <tr>\n            <td class=\"hor-hora\">19:30<br>a<br>20:00<\/td>\n            <!-- Lunes cubre rowspan=5 -->\n            <!-- Martes cubre rowspan=3 -->\n            <!-- Mi\u00e9rc. cubre rowspan=3 -->\n            <!-- Jueves cubre rowspan=2 -->\n            <!-- Viernes cubre rowspan=4 -->\n          <\/tr>\n          <!-- fila B7: 20:10 -->\n          <tr>\n            <td class=\"hor-hora\">20:10<br>a<br>20:50<\/td>\n            <!-- Lunes cubre rowspan=5 -->\n            <td class=\"hor-materia\" rowspan=\"3\">\n              <span class=\"hor-nombre\">PR\u00c1CTICA PROF. DOCENTE IV<\/span>\n              <span class=\"hor-docente\">G. Frecero \u00b7 A. Rojas \u00b7 L. Barbagallo<\/span>\n            <\/td>\n            <td class=\"hor-materia\" rowspan=\"3\">\n              <span class=\"hor-nombre\">DRAMATURGIA<\/span>\n              <span class=\"hor-docente\">Jairo Bedoya<\/span>\n            <\/td>\n            <td class=\"hor-materia\" rowspan=\"3\">\n              <span class=\"hor-nombre\">G\u00c9NERO Y CULTURA<\/span>\n              <span class=\"hor-docente\">Mar\u00eda P\u00eda Fondeville<\/span>\n            <\/td>\n            <!-- Viernes cubre rowspan=4 -->\n          <\/tr>\n          <!-- fila B8: 20:50 -->\n          <tr>\n            <td class=\"hor-hora\">20:50<br>a<br>21:30<\/td>\n            <!-- Lunes cubre rowspan=5 -->\n            <!-- Martes cubre rowspan=3 -->\n            <!-- Mi\u00e9rc. cubre rowspan=3 -->\n            <!-- Jueves cubre rowspan=3 -->\n            <td class=\"hor-vacio\" rowspan=\"2\">\u2014<\/td>\n          <\/tr>\n          <!-- fila B9: 21:30 -->\n          <tr>\n            <td class=\"hor-hora\">21:30<br>a<br>22:10<\/td>\n            <td class=\"hor-vacio\">\u2014<\/td>\n            <!-- Martes cubre rowspan=3 -->\n            <!-- Mi\u00e9rc. cubre rowspan=3 -->\n            <!-- Jueves cubre rowspan=3 -->\n            <!-- Viernes cubre rowspan=2 -->\n          <\/tr>\n        <\/tbody>\n      <\/table>\n    <\/div>\n  <\/div>\n\n<\/section>\n\n<style>\n.ies818-horarios {\n  background: linear-gradient(135deg, #520056 0%, #3c133e 50%, #520056 100%);\n  border-radius: 16px;\n  padding: 40px 30px;\n  color: #fff;\n  font-family: \"Poppins\", \"Segoe UI\", sans-serif;\n  max-width: 90%;\n  margin: 0px auto;\n  box-shadow: 0 6px 30px rgba(0,0,0,0.3);\n}\n.hor-header {\n  text-align: center;\n  margin-bottom: 28px;\n}\n.hor-header h2 {\n  font-size: 1.7rem;\n  font-weight: 800;\n  letter-spacing: 1px;\n  margin: 0 0 6px;\n  color: #ffe3bc;\n}\n.hor-subtitulo {\n  opacity: 0.8;\n  font-size: 0.95rem;\n  margin: 0;\n}\n.hor-resolucion {\n  text-align: right;\n  font-size: 0.75rem;\n  opacity: 0.5;\n  margin-bottom: 12px;\n  font-style: italic;\n}\n.hor-tabs {\n  display: flex;\n  gap: 10px;\n  margin-bottom: 28px;\n  justify-content: center;\n  flex-wrap: wrap;\n}\n.hor-tab {\n  background: rgba(255,255,255,0.12);\n  border: 2px solid rgba(255,255,255,0.2);\n  color: #fff;\n  padding: 9px 26px;\n  border-radius: 30px;\n  font-size: 0.95rem;\n  font-family: inherit;\n  cursor: pointer;\n  transition: all 0.25s ease;\n  font-weight: 600;\n}\n.hor-tab:hover { background: rgba(255,255,255,0.22); }\n.hor-tab.active {\n  background: #ffe3bc;\n  color: #520056;\n  border-color: #ffe3bc;\n}\n.hor-panel { display: none; }\n.hor-panel.active { display: block; }\n.hor-tabla-wrap {\n  overflow-x: auto;\n  border-radius: 12px;\n  border: 2px solid rgba(255,227,188,0.3);\n}\n.hor-tabla {\n  width: 100%;\n  border-collapse: collapse;\n  min-width: 600px;\n  margin: 0;\n}\n.hor-tabla thead tr {\n  background: rgba(0,0,0,0.3);\n}\n.hor-tabla th {\n  padding: 12px 14px;\n  text-align: center;\n  font-size: 0.85rem;\n  font-weight: 700;\n  letter-spacing: 0.5px;\n  color: #ffe3bc;\n  border-bottom: 2px solid rgba(255,227,188,0.3);\n}\n.hor-th-hora { width: 80px; min-width: 70px; }\n.hor-tabla tbody tr { border-bottom: 1px solid rgba(255,255,255,0.1); }\n.hor-tabla tbody tr:last-child { border-bottom: none; }\n.hor-tabla tbody tr:hover td { background: rgba(255,255,255,0.05); }\n.hor-hora {\n  text-align: center;\n  font-size: 0.78rem;\n  font-weight: 700;\n  color: #ffe3bc;\n  opacity: 0.8;\n  padding: 16px 10px;\n  background: rgba(0,0,0,0.15);\n  white-space: nowrap;\n  vertical-align: middle;\n}\n.hor-materia {\n  padding: 14px;\n  vertical-align: middle;\n  background: rgba(255,255,255,0.07);\n  border-left: 1px solid rgba(255,255,255,0.08);\n}\n.hor-vacio {\n  text-align: center;\n  vertical-align: middle;\n  opacity: 0.2;\n  font-size: 1.2rem;\n  background: rgba(0,0,0,0.1);\n  border-left: 1px solid rgba(255,255,255,0.05);\n}\n.hor-nombre {\n  display: block;\n  font-size: 0.82rem;\n  font-weight: 700;\n  color: #ffe3bc;\n  line-height: 1.3;\n  margin-bottom: 4px;\n}\n.hor-docente {\n  display: block;\n  font-size: 0.75rem;\n  opacity: 0.75;\n  line-height: 1.3;\n}\n.hor-hora-interna {\n  display: block;\n  font-size: 0.7rem;\n  color: #ffe3bc;\n  opacity: 0.6;\n  margin-bottom: 6px;\n  font-weight: 600;\n}\n@media (max-width: 600px) {\n  .ies818-horarios { padding: 24px 14px; max-width: 100%; }\n  .hor-header h2 { font-size: 1.2rem; }\n  .hor-tabs { gap: 8px; }\n  .hor-tab { padding: 7px 16px; font-size: 0.85rem; }\n}\n<\/style>\n\n<script>\nfunction horShowTab(anio, btn) {\n  document.querySelectorAll('.hor-panel').forEach(function(p){ p.classList.remove('active'); });\n  document.querySelectorAll('.hor-tab').forEach(function(b){ b.classList.remove('active'); });\n  document.getElementById('hor-' + anio).classList.add('active');\n  btn.classList.add('active');\n}\n<\/script>\n","protected":false},"excerpt":{"rendered":"<p>PROFESORADO DE TEATRO 1\u00b0 Cuatrimestre 2026 \u00b7 Res. ME 566\/17 3\u00b0 A\u00f1o 4\u00b0 A\u00f1o Res. ME 566\/17 Hora Lunes Martes Mi\u00e9rcoles Jueves Viernes 18:00a18:40 T\u00c9CNICA VOCAL Y CANTO Malena De Vita FILOSOF\u00cdA DE LA EDUCACI\u00d3N Sebasti\u00e1n Cortinez ACTUACI\u00d3N III Malena Marques SEMI\u00d3TICA DEL TEATRO Jairo Bedoya INVESTIGACI\u00d3N EDUCATIVA Juana Quintuqueo 18:40a19:20 19:30a20:00 ESCENOGRAF\u00cdA Natalia Maggiori &#8230; <a title=\"HORARIOS CURSADA T\" class=\"read-more\" href=\"https:\/\/ies818artistica-chu.infd.edu.ar\/sitio\/horarios-cursada-t\/\" aria-label=\"More on HORARIOS CURSADA T\">[+]<\/a><\/p>\n","protected":false},"author":13,"featured_media":0,"parent":0,"menu_order":0,"comment_status":"closed","ping_status":"closed","template":"","meta":[],"acf":[],"_links":{"self":[{"href":"https:\/\/ies818artistica-chu.infd.edu.ar\/sitio\/wp-json\/wp\/v2\/pages\/1941"}],"collection":[{"href":"https:\/\/ies818artistica-chu.infd.edu.ar\/sitio\/wp-json\/wp\/v2\/pages"}],"about":[{"href":"https:\/\/ies818artistica-chu.infd.edu.ar\/sitio\/wp-json\/wp\/v2\/types\/page"}],"author":[{"embeddable":true,"href":"https:\/\/ies818artistica-chu.infd.edu.ar\/sitio\/wp-json\/wp\/v2\/users\/13"}],"replies":[{"embeddable":true,"href":"https:\/\/ies818artistica-chu.infd.edu.ar\/sitio\/wp-json\/wp\/v2\/comments?post=1941"}],"version-history":[{"count":7,"href":"https:\/\/ies818artistica-chu.infd.edu.ar\/sitio\/wp-json\/wp\/v2\/pages\/1941\/revisions"}],"predecessor-version":[{"id":2834,"href":"https:\/\/ies818artistica-chu.infd.edu.ar\/sitio\/wp-json\/wp\/v2\/pages\/1941\/revisions\/2834"}],"wp:attachment":[{"href":"https:\/\/ies818artistica-chu.infd.edu.ar\/sitio\/wp-json\/wp\/v2\/media?parent=1941"}],"curies":[{"name":"wp","href":"https:\/\/api.w.org\/{rel}","templated":true}]}}