{"id":1285,"date":"2020-05-13T22:11:56","date_gmt":"2020-05-14T01:11:56","guid":{"rendered":"https:\/\/ies818artistica-chu.infd.edu.ar\/sitio\/?page_id=1285"},"modified":"2025-11-26T21:13:45","modified_gmt":"2025-11-27T00:13:45","slug":"clases-en-radio-nacional","status":"publish","type":"page","link":"https:\/\/ies818artistica-chu.infd.edu.ar\/sitio\/clases-en-radio-nacional\/","title":{"rendered":"Clases en Radio Nacional"},"content":{"rendered":"\n<section class=\"radio-section\">\n\n  <div class=\"radio-container\">\n\n    <h2 class=\"radio-title\">&#x1f399;&#xfe0f; Clases en Radio Nacional<\/h2>\n\n    <p class=\"radio-desc\">\n      Compartimos las producciones realizadas por docentes y estudiantes del Instituto, emitidas por Radio Nacional Esquel. \n      Disfrut\u00e1 los contenidos educativos y art\u00edsticos en formato radio.\n    <\/p>\n\n    <div class=\"radio-grid\">\n\n      <!-- EPISODIO 1 -->\n      <div class=\"radio-card\">\n        <img decoding=\"async\" src=\"https:\/\/ies818artistica-chu.infd.edu.ar\/sitio\/wp-content\/uploads\/2020\/05\/GUITARRA-e1589412551960.jpg\" class=\"radio-img\" alt=\"Programa\">\n        <h3 class=\"radio-episode\">1\u00b0 CLASE IES 818<\/h3>\n        <p class=\"radio-text\">Clase de guitarra II y III a cargo del profesor Alun Lloyd del Profesorado de M\u00fasica <\/p>\n\n        <!-- AUDIO EMBED -->\n        <div class=\"radio-audio\">\n          <iframe loading=\"lazy\" src=\"https:\/\/clyp.it\/fwsbehex\/widget\" width=\"100%\" height=\"150\" frameborder=\"0\" allow=\"autoplay\"><\/iframe>\n        <\/div>\n      <\/div>\n\n      <!--EPISODIO 2 -->\n      <div class=\"radio-card\">\n        <img decoding=\"async\" src=\"https:\/\/ies818artistica-chu.infd.edu.ar\/sitio\/wp-content\/uploads\/2020\/05\/HISTORIA-e1589414490175.jpg\" class=\"radio-img\" alt=\"Programa\">\n        <h3 class=\"radio-episode\">2\u00b0 CLASE IES 818<\/h3>\n        <p class=\"radio-text\">\n          Clase de Historia de la M\u00fasica a cargo del profesor Federico Oriola del Profesorado de M\u00fasica.\n        <\/p>\n\n        <div class=\"radio-audio\">\n          <iframe loading=\"lazy\" src=\"https:\/\/clyp.it\/fwsbehex\/widget\" width=\"100%\" height=\"150\" frameborder=\"0\"><\/iframe>\n        <\/div>\n      <\/div>\n<!-- EPISODIO 3 -->\n      <div class=\"radio-card\">\n        <img decoding=\"async\" src=\"https:\/\/ies818artistica-chu.infd.edu.ar\/sitio\/wp-content\/uploads\/2025\/09\/LOGO-818-MS.PDF_Pagina-5-500x378.png\" class=\"radio-img\" alt=\"Programa\">\n        <h3 class=\"radio-episode\">3\u00b0 CLASE IES 818<\/h3>\n        <p class=\"radio-text\">\n          Clase de Pr\u00e1ctica Profesionalizante I a cargo del profesor Andr\u00e9s Jorgensen de la Tecnicatura Superior en Gesti\u00f3n Cultural.\n        <\/p>\n\n        <div class=\"radio-audio\">\n          <iframe loading=\"lazy\" src=\"https:\/\/clyp.it\/rj3t53v1\/widget\" width=\"100%\" height=\"150\" frameborder=\"0\"><\/iframe>\n        <\/div>\n      <\/div>\n<!-- FIN DEL BLOQUE EPISODIO -->\n<!-- CLASE 4 -->\n      <div class=\"radio-card\">\n        <img decoding=\"async\" src=\"https:\/\/ies818artistica-chu.infd.edu.ar\/sitio\/wp-content\/uploads\/2025\/09\/LOGO-818-MS.PDF_Pagina-5-500x378.png\" class=\"radio-img\" alt=\"Programa\">\n        <h3 class=\"radio-episode\">4\u00b0 CLASE IES 818<\/h3>\n        <p class=\"radio-text\">\n          Clase de Artes Visuales a cargo de la profesora Romina Traino y el profesor Claudio Dalc\u00f3, del Profesorado de Artes Visuales.\n        <\/p>\n        <div class=\"radio-audio\">\n          <iframe loading=\"lazy\" src=\"https:\/\/clyp.it\/lyuc12us\/widget\" width=\"100%\" height=\"150\" frameborder=\"0\"><\/iframe>\n        <\/div>\n      <\/div>\n<!-- FIN DEL BLOQUE EPISODIO -->\n<!-- CLASE 5 -->\n      <div class=\"radio-card\">\n        <img decoding=\"async\" src=\"https:\/\/ies818artistica-chu.infd.edu.ar\/sitio\/wp-content\/uploads\/2025\/09\/LOGO-818-MS.PDF_Pagina-5-500x378.png\" class=\"radio-img\" alt=\"Programa\">\n        <h3 class=\"radio-episode\">5\u00b0 CLASE IES 818<\/h3>\n        <p class=\"radio-text\">\n          Clase de Juegos Teatrales a cargo de la Licenciada Giovanna Toneguzzo del profesorado de Teatro.\n        <\/p>\n\n        <div class=\"radio-audio\">\n          <iframe loading=\"lazy\" src=\"https:\/\/clyp.it\/mccoyq20\/widget\" width=\"100%\" height=\"150\" frameborder=\"0\"><\/iframe>\n        <\/div>\n      <\/div>\n<!-- FIN DEL BLOQUE EPISODIO -->\n<!-- CLASE 6 -->\n      <div class=\"radio-card\">\n        <img decoding=\"async\" src=\"https:\/\/ies818artistica-chu.infd.edu.ar\/sitio\/wp-content\/uploads\/2020\/05\/PRACTICA_CARLOS-e1589931194560.jpg\" class=\"radio-img\" alt=\"Programa\">\n        <h3 class=\"radio-episode\">6\u00b0 CLASE IES 818<\/h3>\n        <p class=\"radio-text\">\n           El aula como escenario -Articulaci\u00f3n Pr\u00e1ctica Profesional Docente IV y Did\u00e1ctica IV a cargo del profesor Carlos De Oro del profesorado de M\u00fasica.\n        <\/p>\n        <div class=\"radio-audio\">\n          <iframe loading=\"lazy\" src=\"https:\/\/clyp.it\/1rtypl5y\/widget\" width=\"100%\" height=\"150\" frameborder=\"0\"><\/iframe>\n        <\/div>\n      <\/div>\n<!-- FIN DEL BLOQUE EPISODIO -->\n<!-- 7ma clase -->\n      <div class=\"radio-card\">\n        <img decoding=\"async\" src=\"https:\/\/ies818artistica-chu.infd.edu.ar\/sitio\/wp-content\/uploads\/2020\/05\/TEATRO_pame-e1589931238564.jpg\" class=\"radio-img\" alt=\"Programa\">\n        <h3 class=\"radio-episode\">7\u00b0 CLASE IES 818<\/h3>\n        <p class=\"radio-text\">\n          Clase de la c\u00e1tedra An\u00e1lisis del Texto Teatral a cargo de la profesora Pamela Thumann del profesorado de Teatro.\n        <\/p>\n\n        <div class=\"radio-audio\">\n          <iframe loading=\"lazy\" src=\"https:\/\/clyp.it\/5ba0aogn\/widget\" width=\"100%\" height=\"150\" frameborder=\"0\"><\/iframe>\n        <\/div>\n      <\/div>\n<!-- FIN DEL BLOQUE EPISODIO -->\n<!-- 8va clase -->\n      <div class=\"radio-card\">\n        <img decoding=\"async\" src=\"https:\/\/ies818artistica-chu.infd.edu.ar\/sitio\/wp-content\/uploads\/2020\/06\/CORAL_WEB-e1593656182827.jpg\" class=\"radio-img\" alt=\"Programa\">\n        <h3 class=\"radio-episode\">8\u00b0 CLASE IES 818<\/h3>\n        <p class=\"radio-text\">\n          Clase de la c\u00e1tedra Pr\u00e1ctica y direcci\u00f3n coral II a cargo de la docente Glenda Powell del profesorado de M\u00fasica.\n        <\/p>\n\n        <div class=\"radio-audio\">\n          <iframe loading=\"lazy\" src=\"https:\/\/clyp.it\/ccu53pha\/widget\" width=\"100%\" height=\"150\" frameborder=\"0\"><\/iframe>\n        <\/div>\n      <\/div>\n<!-- FIN DEL BLOQUE EPISODIO -->\n<!-- 9na clase -->\n      <div class=\"radio-card\">\n        <img decoding=\"async\" src=\"https:\/\/ies818artistica-chu.infd.edu.ar\/sitio\/wp-content\/uploads\/2020\/06\/01-06-2020-e1591740014467.jpg\" class=\"radio-img\" alt=\"Programa\">\n        <h3 class=\"radio-episode\">9\u00b0 CLASE IES 818<\/h3>\n        <p class=\"radio-text\">\n          Clase de conjunto vocal e instrumental I y II \u2013 Piano II a cargo del docente Eduardo Puyelli del Profesorado de M\u00fasica.\n        <\/p>\n\n        <div class=\"radio-audio\">\n          <iframe loading=\"lazy\" src=\"https:\/\/clyp.it\/f200eife\/widget\" width=\"100%\" height=\"150\" frameborder=\"0\"><\/iframe>\n        <\/div>\n      <\/div>\n<!-- FIN DEL BLOQUE EPISODIO -->\n<!-- 10\u00b0 clase -->\n      <div class=\"radio-card\">\n        <img decoding=\"async\" src=\"https:\/\/ies818artistica-chu.infd.edu.ar\/sitio\/wp-content\/uploads\/2020\/06\/08-06-2020-e1591739989544.jpg\" class=\"radio-img\" alt=\"Programa\">\n        <h3 class=\"radio-episode\">10\u00b0 CLASE IES 818<\/h3>\n        <p class=\"radio-text\">\n           Clase 2 Guitarra II y III a cargo del docente Alun Lloyd del profesorado de M\u00fasica.\n        <\/p>\n\n        <div class=\"radio-audio\">\n          <iframe loading=\"lazy\" src=\"https:\/\/clyp.it\/p2corqtu\/widget\" width=\"100%\" height=\"150\" frameborder=\"0\"><\/iframe>\n        <\/div>\n      <\/div>\n<!-- FIN DEL BLOQUE EPISODIO -->\n<!-- 11 CLASE -->\n      <div class=\"radio-card\">\n        <img decoding=\"async\" src=\"https:\/\/ies818artistica-chu.infd.edu.ar\/sitio\/wp-content\/uploads\/2020\/06\/10-06-2020-e1591740032422.jpg\" class=\"radio-img\" alt=\"Programa\">\n        <h3 class=\"radio-episode\">11\u00b0 CLASE IES 818<\/h3>\n        <p class=\"radio-text\">\n          Clase de Investigaci\u00f3n Educativa e Historia de la M\u00fasica II a cargo de lxs docentes Mar\u00eda Eugenia Guti\u00e9rrez y Edhison Mart\u00ednez del profesorado de M\u00fasica.\n        <\/p>\n\n        <div class=\"radio-audio\">\n          <iframe loading=\"lazy\" src=\"https:\/\/clyp.it\/j3d1athg\/widget\" width=\"100%\" height=\"150\" frameborder=\"0\"><\/iframe>\n        <\/div>\n      <\/div>\n<!-- FIN DEL BLOQUE EPISODIO -->\n<!-- 12\u00b0 clase -->\n      <div class=\"radio-card\">\n        <img decoding=\"async\" src=\"https:\/\/ies818artistica-chu.infd.edu.ar\/sitio\/wp-content\/uploads\/2020\/07\/17-06-2020_12%C2%B0CLASE-e1593657824138.jpg\" class=\"radio-img\" alt=\"Programa\">\n        <h3 class=\"radio-episode\">12\u00b0 CLASE IES 818<\/h3>\n        <p class=\"radio-text\">\n          Clase de Historia de la M\u00fasica II a cargo del docente Edhison Mart\u00ednez del profesorado de M\u00fasica.\n        <\/p>\n\n        <div class=\"radio-audio\">\n          <iframe loading=\"lazy\" src=\"https:\/\/clyp.it\/coq3qxu4\/widget\" width=\"100%\" height=\"150\" frameborder=\"0\"><\/iframe>\n        <\/div>\n      <\/div>\n<!-- FIN DEL BLOQUE EPISODIO -->\n\n    <\/div>\n\n  <\/div>\n<\/section>\n<style>\n.radio-section {\n  width: 100%;\n  padding: 70px 20px;\n  background: linear-gradient(135deg, rgba(255,195,113,1), rgba(255,111,145,0.35), rgba(82,0,86,0.3));\n}\n\n.radio-container {\n  max-width: 1100px;\n  margin: 0 auto;\n  text-align: center;\n}\n\n.radio-title {\n  font-size: 2.6rem;\n  font-weight: 900;\n  color: #520056;\n  margin-bottom: 20px;\n}\n\n.radio-desc {\n  font-size: 1.2rem;\n  color: #333;\n  margin-bottom: 40px;\n}\n\n.radio-grid {\n  display: grid;\n  grid-template-columns: 1fr 1fr;\n  gap: 30px;\n}\n\n.radio-card {\n  background: white;\n  padding: 25px;\n  border-radius: 18px;\n  border-top: 6px solid #520056;\n  box-shadow: 0 4px 18px rgba(0,0,0,0.12);\n  text-align: left;\n}\n\n.radio-img {\n  width: 100%;\n  border-radius: 12px;\n  margin-bottom: 15px;\n  box-shadow: 0 3px 12px rgba(0,0,0,0.1);\n}\n\n.radio-episode {\n  font-size: 1.5rem;\n  color: #520056;\n  font-weight: 700;\n  margin-bottom: 10px;\n}\n\n.radio-text {\n  font-size: 1.05rem;\n  margin-bottom: 15px;\n}\n\n.radio-audio iframe {\n  width: 100%;\n  border-radius: 12px;\n  background: #f6edff;\n  box-shadow: 0 3px 12px rgba(0,0,0,0.1);\n}\n\n\/* RESPONSIVE *\/\n@media (max-width: 900px) {\n  .radio-grid {\n    grid-template-columns: 1fr;\n  }\n}\n<\/style>\n","protected":false},"excerpt":{"rendered":"<p>&#x1f399;&#xfe0f; Clases en Radio Nacional Compartimos las producciones realizadas por docentes y estudiantes del Instituto, emitidas por Radio Nacional Esquel. Disfrut\u00e1 los contenidos educativos y art\u00edsticos en formato radio. 1\u00b0 CLASE IES 818 Clase de guitarra II y III a cargo del profesor Alun Lloyd del Profesorado de M\u00fasica 2\u00b0 CLASE IES 818 Clase de &#8230; <a title=\"Clases en Radio Nacional\" class=\"read-more\" href=\"https:\/\/ies818artistica-chu.infd.edu.ar\/sitio\/clases-en-radio-nacional\/\" aria-label=\"More on Clases en Radio Nacional\">[+]<\/a><\/p>\n","protected":false},"author":1253,"featured_media":0,"parent":0,"menu_order":0,"comment_status":"closed","ping_status":"closed","template":"","meta":[],"acf":[],"_links":{"self":[{"href":"https:\/\/ies818artistica-chu.infd.edu.ar\/sitio\/wp-json\/wp\/v2\/pages\/1285"}],"collection":[{"href":"https:\/\/ies818artistica-chu.infd.edu.ar\/sitio\/wp-json\/wp\/v2\/pages"}],"about":[{"href":"https:\/\/ies818artistica-chu.infd.edu.ar\/sitio\/wp-json\/wp\/v2\/types\/page"}],"author":[{"embeddable":true,"href":"https:\/\/ies818artistica-chu.infd.edu.ar\/sitio\/wp-json\/wp\/v2\/users\/1253"}],"replies":[{"embeddable":true,"href":"https:\/\/ies818artistica-chu.infd.edu.ar\/sitio\/wp-json\/wp\/v2\/comments?post=1285"}],"version-history":[{"count":42,"href":"https:\/\/ies818artistica-chu.infd.edu.ar\/sitio\/wp-json\/wp\/v2\/pages\/1285\/revisions"}],"predecessor-version":[{"id":2665,"href":"https:\/\/ies818artistica-chu.infd.edu.ar\/sitio\/wp-json\/wp\/v2\/pages\/1285\/revisions\/2665"}],"wp:attachment":[{"href":"https:\/\/ies818artistica-chu.infd.edu.ar\/sitio\/wp-json\/wp\/v2\/media?parent=1285"}],"curies":[{"name":"wp","href":"https:\/\/api.w.org\/{rel}","templated":true}]}}